{"id":295,"date":"2023-03-01T10:07:51","date_gmt":"2023-03-01T07:07:51","guid":{"rendered":"https:\/\/vemar.com.tr\/?page_id=295"},"modified":"2023-03-01T11:01:27","modified_gmt":"2023-03-01T08:01:27","slug":"hakkimizda","status":"publish","type":"page","link":"https:\/\/vemar.com.tr\/index.php\/hakkimizda\/","title":{"rendered":"Hakk\u0131m\u0131zda"},"content":{"rendered":"<p>[et_pb_section fb_built=&#8221;1&#8243; fullwidth=&#8221;on&#8221; _builder_version=&#8221;4.4.1&#8243;][et_pb_fullwidth_header _builder_version=&#8221;4.4.1&#8243; background_color=&#8221;#011863&#8243; custom_padding=&#8221;0px||0px||false|false&#8221;][\/et_pb_fullwidth_header][\/et_pb_section][et_pb_section fb_built=&#8221;1&#8243; fullwidth=&#8221;on&#8221; _builder_version=&#8221;4.4.1&#8243;][et_pb_fullwidth_header title=&#8221;HAKKIMIZDA&#8221; _builder_version=&#8221;4.4.1&#8243; background_color=&#8221;#011863&#8243; custom_padding=&#8221;0px||0px||false|false&#8221; hover_enabled=&#8221;0&#8243;][\/et_pb_fullwidth_header][\/et_pb_section][et_pb_section fb_built=&#8221;1&#8243; _builder_version=&#8221;4.4.1&#8243; custom_padding=&#8221;2px|||||&#8221;][et_pb_row column_structure=&#8221;1_3,2_3&#8243; _builder_version=&#8221;4.4.1&#8243;][et_pb_column type=&#8221;1_3&#8243; _builder_version=&#8221;4.4.1&#8243;][et_pb_slider _builder_version=&#8221;4.4.1&#8243; width=&#8221;100%&#8221; max_width=&#8221;75%&#8221; animation_style=&#8221;roll&#8221; animation_direction=&#8221;left&#8221; auto=&#8221;on&#8221;][et_pb_slide image=&#8221;http:\/\/vemar.com.tr\/wp-content\/uploads\/2023\/03\/dukkan2.jpeg&#8221; _builder_version=&#8221;4.4.1&#8243; background_color=&#8221;rgba(0,0,0,0)&#8221; background_enable_color=&#8221;on&#8221;][\/et_pb_slide][et_pb_slide image=&#8221;http:\/\/vemar.com.tr\/wp-content\/uploads\/2023\/03\/dukkan3.jpeg&#8221; _builder_version=&#8221;4.4.1&#8243; background_color=&#8221;rgba(0,0,0,0)&#8221; background_enable_color=&#8221;on&#8221;][\/et_pb_slide][et_pb_slide image=&#8221;http:\/\/vemar.com.tr\/wp-content\/uploads\/2023\/03\/dukkan5.jpeg&#8221; _builder_version=&#8221;4.4.1&#8243; background_color=&#8221;rgba(0,0,0,0)&#8221; background_enable_color=&#8221;on&#8221;][\/et_pb_slide][et_pb_slide image=&#8221;http:\/\/vemar.com.tr\/wp-content\/uploads\/2023\/03\/dukkan1.jpeg&#8221; _builder_version=&#8221;4.4.1&#8243; background_color=&#8221;rgba(0,0,0,0)&#8221; background_enable_color=&#8221;on&#8221;][\/et_pb_slide][\/et_pb_slider][\/et_pb_column][et_pb_column type=&#8221;2_3&#8243; _builder_version=&#8221;4.4.1&#8243;][et_pb_text _builder_version=&#8221;4.4.1&#8243;]<\/p>\n<h3><strong>T\u00fcm T\u00fcrkiye&#8217;ye G\u00fcnl\u00fck G\u00f6nderimler<\/strong><span><\/span><\/h3>\n<p><span>T\u00fcrkiye\u2019nin d\u00f6rt bir yan\u0131na, g\u00fcnl\u00fck olarak \u00fcr\u00fcn g\u00f6nderimi yapan firmam\u0131z, g<\/span><span style=\"font-size: 14px;\">\u00fcler y\u00fczl\u00fc ve uzman kadrosu, yenilik\u00e7i yap\u0131s\u0131 ve s\u00fcrd\u00fcr\u00fclebilirlik ilkesi ile firmam\u0131z, 150\u2019den fazla uluslararas\u0131 markas\u0131, binlerce referans\u0131, s\u00fcrekli geli\u015ftirdi\u011fi \u00fcr\u00fcn grubu ve projeleri ile ba\u015fta m\u00fc\u015fterilerimiz olmak \u00fczere t\u00fcm i\u015f ortaklar\u0131m\u0131z\u0131n arzu ve taleplerini kar\u015f\u0131larken daima \u201c<\/span><strong style=\"font-size: 14px;\">Ko\u015fulsuz M\u00fc\u015fteri Memnuniyeti<\/strong><span style=\"font-size: 14px;\">\u201d prensibini i\u015f s\u00fcre\u00e7lerine yerle\u015ftirerek, s\u00fcrd\u00fcr\u00fclebilir b\u00fcy\u00fcmeyi hedef edinmi\u015ftir.<\/span><\/p>\n<h3><strong>Uygun Fiyatl\u0131 Yedek Par\u00e7a<\/strong><span><\/span><\/h3>\n<p><span><\/span><\/p>\n<p><span>Uygun fiyat garantisi ile hizmet veren Vemar. \u00dcmraniye Sanayi&nbsp;b\u00f6lgesinde faliyet g\u00f6stermekte orijinal ve yan sanayi yedek par\u00e7a sat\u0131\u015f\u0131 yapmaktad\u0131r.<\/span>[\/et_pb_text][\/et_pb_column][\/et_pb_row][\/et_pb_section]<\/p>\n","protected":false},"excerpt":{"rendered":"<p>[et_pb_section fb_built=&#8221;1&#8243; fullwidth=&#8221;on&#8221; _builder_version=&#8221;4.4.1&#8243;][et_pb_fullwidth_header _builder_version=&#8221;4.4.1&#8243; background_color=&#8221;#011863&#8243; custom_padding=&#8221;0px||0px||false|false&#8221;][\/et_pb_fullwidth_header][\/et_pb_section][et_pb_section fb_built=&#8221;1&#8243; fullwidth=&#8221;on&#8221; _builder_version=&#8221;4.4.1&#8243;][et_pb_fullwidth_header title=&#8221;HAKKIMIZDA&#8221; _builder_version=&#8221;4.4.1&#8243; background_color=&#8221;#011863&#8243; custom_padding=&#8221;0px||0px||false|false&#8221; hover_enabled=&#8221;0&#8243;][\/et_pb_fullwidth_header][\/et_pb_section][et_pb_section fb_built=&#8221;1&#8243; _builder_version=&#8221;4.4.1&#8243; custom_padding=&#8221;2px|||||&#8221;][et_pb_row column_structure=&#8221;1_3,2_3&#8243; _builder_version=&#8221;4.4.1&#8243;][et_pb_column type=&#8221;1_3&#8243; _builder_version=&#8221;4.4.1&#8243;][et_pb_slider _builder_version=&#8221;4.4.1&#8243; width=&#8221;100%&#8221; max_width=&#8221;75%&#8221; animation_style=&#8221;roll&#8221; animation_direction=&#8221;left&#8221; auto=&#8221;on&#8221;][et_pb_slide image=&#8221;http:\/\/vemar.com.tr\/wp-content\/uploads\/2023\/03\/dukkan2.jpeg&#8221; _builder_version=&#8221;4.4.1&#8243; background_color=&#8221;rgba(0,0,0,0)&#8221; background_enable_color=&#8221;on&#8221;][\/et_pb_slide][et_pb_slide image=&#8221;http:\/\/vemar.com.tr\/wp-content\/uploads\/2023\/03\/dukkan3.jpeg&#8221; _builder_version=&#8221;4.4.1&#8243; background_color=&#8221;rgba(0,0,0,0)&#8221; background_enable_color=&#8221;on&#8221;][\/et_pb_slide][et_pb_slide image=&#8221;http:\/\/vemar.com.tr\/wp-content\/uploads\/2023\/03\/dukkan5.jpeg&#8221; _builder_version=&#8221;4.4.1&#8243; background_color=&#8221;rgba(0,0,0,0)&#8221; background_enable_color=&#8221;on&#8221;][\/et_pb_slide][et_pb_slide image=&#8221;http:\/\/vemar.com.tr\/wp-content\/uploads\/2023\/03\/dukkan1.jpeg&#8221; _builder_version=&#8221;4.4.1&#8243; background_color=&#8221;rgba(0,0,0,0)&#8221; background_enable_color=&#8221;on&#8221;][\/et_pb_slide][\/et_pb_slider][\/et_pb_column][et_pb_column type=&#8221;2_3&#8243; _builder_version=&#8221;4.4.1&#8243;][et_pb_text _builder_version=&#8221;4.4.1&#8243;] T\u00fcm T\u00fcrkiye&#8217;ye G\u00fcnl\u00fck G\u00f6nderimler T\u00fcrkiye\u2019nin d\u00f6rt bir yan\u0131na, [&hellip;]<\/p>\n","protected":false},"author":1,"featured_media":0,"parent":0,"menu_order":0,"comment_status":"closed","ping_status":"closed","template":"","meta":{"_et_pb_use_builder":"on","_et_pb_old_content":"","_et_gb_content_width":"","footnotes":""},"class_list":["post-295","page","type-page","status-publish","hentry"],"_links":{"self":[{"href":"https:\/\/vemar.com.tr\/index.php\/wp-json\/wp\/v2\/pages\/295","targetHints":{"allow":["GET"]}}],"collection":[{"href":"https:\/\/vemar.com.tr\/index.php\/wp-json\/wp\/v2\/pages"}],"about":[{"href":"https:\/\/vemar.com.tr\/index.php\/wp-json\/wp\/v2\/types\/page"}],"author":[{"embeddable":true,"href":"https:\/\/vemar.com.tr\/index.php\/wp-json\/wp\/v2\/users\/1"}],"replies":[{"embeddable":true,"href":"https:\/\/vemar.com.tr\/index.php\/wp-json\/wp\/v2\/comments?post=295"}],"version-history":[{"count":18,"href":"https:\/\/vemar.com.tr\/index.php\/wp-json\/wp\/v2\/pages\/295\/revisions"}],"predecessor-version":[{"id":334,"href":"https:\/\/vemar.com.tr\/index.php\/wp-json\/wp\/v2\/pages\/295\/revisions\/334"}],"wp:attachment":[{"href":"https:\/\/vemar.com.tr\/index.php\/wp-json\/wp\/v2\/media?parent=295"}],"curies":[{"name":"wp","href":"https:\/\/api.w.org\/{rel}","templated":true}]}}