{"id":267,"date":"2023-02-28T13:55:33","date_gmt":"2023-02-28T10:55:33","guid":{"rendered":"https:\/\/vemar.com.tr\/?page_id=267"},"modified":"2023-03-01T11:08:06","modified_gmt":"2023-03-01T08:08:06","slug":"iletisim","status":"publish","type":"page","link":"https:\/\/vemar.com.tr\/index.php\/iletisim\/","title":{"rendered":"\u0130leti\u015fim"},"content":{"rendered":"<p>[et_pb_section fb_built=&#8221;1&#8243; fullwidth=&#8221;on&#8221; _builder_version=&#8221;4.4.1&#8243; global_module=&#8221;316&#8243; saved_tabs=&#8221;all&#8221;][\/et_pb_section][et_pb_section fb_built=&#8221;1&#8243; fullwidth=&#8221;on&#8221; _builder_version=&#8221;4.4.1&#8243;][et_pb_fullwidth_header title=&#8221;\u0130LET\u0130\u015e\u0130M&#8221; _builder_version=&#8221;4.4.1&#8243; background_color=&#8221;#000000&#8243; custom_margin=&#8221;||||false|false&#8221; custom_padding=&#8221;0px||0px||false|false&#8221; hover_enabled=&#8221;0&#8243;][\/et_pb_fullwidth_header][\/et_pb_section][et_pb_section fb_built=&#8221;1&#8243; _builder_version=&#8221;4.4.1&#8243;][et_pb_row column_structure=&#8221;1_2,1_2&#8243; _builder_version=&#8221;4.4.1&#8243;][et_pb_column type=&#8221;1_2&#8243; _builder_version=&#8221;4.4.1&#8243;][et_pb_text _builder_version=&#8221;4.4.1&#8243;]<\/p>\n<h2><strong>VEMAR DI\u015e T\u0130CARET A.\u015e.<\/strong><\/h2>\n<p><strong>Adres :<\/strong> Saray mahallesi Sezer Sokak No:7 \u0130\u00e7 Kap\u0131 No:1 \u00dcmraniye \u0130stanbul<\/p>\n<p><strong>Telefon :<\/strong> 0216 631 99 96 &#8211; <strong>GSM :<\/strong> 0505 840 56 25<\/p>\n<p><strong>Web :<\/strong> vemar.com.tr &#8211; <strong>E-Posta :<\/strong> siparis@vemar.com.tr<\/p>\n<p>&nbsp;<\/p>\n<p>[\/et_pb_text][\/et_pb_column][et_pb_column type=&#8221;1_2&#8243; _builder_version=&#8221;4.4.1&#8243;][et_pb_code _builder_version=&#8221;4.4.1&#8243;]<iframe src=\"https:\/\/www.google.com\/maps\/embed?pb=!1m18!1m12!1m3!1d188.13434753372815!2d29.119699937291426!3d41.02198375985326!2m3!1f0!2f0!3f0!3m2!1i1024!2i768!4f13.1!3m3!1m2!1s0x14cac8dced9d0ff3%3A0xc64475a99795bb15!2sVemar%20B2B!5e0!3m2!1str!2str!4v1677582328215!5m2!1str!2str\" width=\"400\" height=\"300\" style=\"border:0;\" allowfullscreen=\"\" loading=\"lazy\" referrerpolicy=\"no-referrer-when-downgrade\"><\/iframe>[\/et_pb_code][\/et_pb_column][\/et_pb_row][\/et_pb_section]<\/p>\n","protected":false},"excerpt":{"rendered":"<p>[et_pb_section fb_built=&#8221;1&#8243; fullwidth=&#8221;on&#8221; _builder_version=&#8221;4.4.1&#8243; global_module=&#8221;316&#8243; saved_tabs=&#8221;all&#8221;][\/et_pb_section][et_pb_section fb_built=&#8221;1&#8243; fullwidth=&#8221;on&#8221; _builder_version=&#8221;4.4.1&#8243;][et_pb_fullwidth_header title=&#8221;\u0130LET\u0130\u015e\u0130M&#8221; _builder_version=&#8221;4.4.1&#8243; background_color=&#8221;#000000&#8243; custom_margin=&#8221;||||false|false&#8221; custom_padding=&#8221;0px||0px||false|false&#8221; hover_enabled=&#8221;0&#8243;][\/et_pb_fullwidth_header][\/et_pb_section][et_pb_section fb_built=&#8221;1&#8243; _builder_version=&#8221;4.4.1&#8243;][et_pb_row column_structure=&#8221;1_2,1_2&#8243; _builder_version=&#8221;4.4.1&#8243;][et_pb_column type=&#8221;1_2&#8243; _builder_version=&#8221;4.4.1&#8243;][et_pb_text _builder_version=&#8221;4.4.1&#8243;] VEMAR DI\u015e T\u0130CARET A.\u015e. Adres : Saray mahallesi Sezer Sokak No:7 \u0130\u00e7 Kap\u0131 No:1 \u00dcmraniye \u0130stanbul Telefon : 0216 631 99 96 &#8211; GSM : 0505 840 56 25 Web : vemar.com.tr &#8211; [&hellip;]<\/p>\n","protected":false},"author":1,"featured_media":0,"parent":0,"menu_order":0,"comment_status":"closed","ping_status":"closed","template":"","meta":{"_et_pb_use_builder":"on","_et_pb_old_content":"","_et_gb_content_width":"","footnotes":""},"class_list":["post-267","page","type-page","status-publish","hentry"],"_links":{"self":[{"href":"https:\/\/vemar.com.tr\/index.php\/wp-json\/wp\/v2\/pages\/267","targetHints":{"allow":["GET"]}}],"collection":[{"href":"https:\/\/vemar.com.tr\/index.php\/wp-json\/wp\/v2\/pages"}],"about":[{"href":"https:\/\/vemar.com.tr\/index.php\/wp-json\/wp\/v2\/types\/page"}],"author":[{"embeddable":true,"href":"https:\/\/vemar.com.tr\/index.php\/wp-json\/wp\/v2\/users\/1"}],"replies":[{"embeddable":true,"href":"https:\/\/vemar.com.tr\/index.php\/wp-json\/wp\/v2\/comments?post=267"}],"version-history":[{"count":10,"href":"https:\/\/vemar.com.tr\/index.php\/wp-json\/wp\/v2\/pages\/267\/revisions"}],"predecessor-version":[{"id":345,"href":"https:\/\/vemar.com.tr\/index.php\/wp-json\/wp\/v2\/pages\/267\/revisions\/345"}],"wp:attachment":[{"href":"https:\/\/vemar.com.tr\/index.php\/wp-json\/wp\/v2\/media?parent=267"}],"curies":[{"name":"wp","href":"https:\/\/api.w.org\/{rel}","templated":true}]}}